{"id":1222,"date":"2020-08-28T09:05:22","date_gmt":"2020-08-28T12:05:22","guid":{"rendered":"http:\/\/161.35.235.253\/?page_id=1222"},"modified":"2025-06-30T10:46:28","modified_gmt":"2025-06-30T13:46:28","slug":"recadastramento-aposentandos","status":"publish","type":"page","link":"https:\/\/www.bertprev.sp.gov.br\/index.php\/recadastramento-aposentandos\/","title":{"rendered":"Recadastramento aposentados"},"content":{"rendered":"<p><strong>A declara\u00e7\u00e3o dever\u00e1 ser anexada na pr\u00f3pria plataforma, conforme modelo:<\/strong><\/p>\n<p><img loading=\"lazy\" decoding=\"async\" class=\"alignnone  wp-image-7167\" src=\"http:\/\/www.bertprev.sp.gov.br\/wp-content\/uploads\/2025\/06\/TAB-1-300x48.jpg\" alt=\"\" width=\"494\" height=\"79\" srcset=\"https:\/\/www.bertprev.sp.gov.br\/wp-content\/uploads\/2025\/06\/TAB-1-300x48.jpg 300w, https:\/\/www.bertprev.sp.gov.br\/wp-content\/uploads\/2025\/06\/TAB-1.jpg 567w\" sizes=\"auto, (max-width: 494px) 100vw, 494px\" \/><\/p>\n<p>Para aposentado(a) representado(a) judicialmente: documento judicial atualizado comprovando a representa\u00e7\u00e3o e documento comprobat\u00f3rio de vida do aposentado(a).<\/p>\n<p>Outras d\u00favidas ser\u00e3o esclarecidas atrav\u00e9s do nosso Whatsapp ou pelo fone: 3319-9292 e email:\u00a0<span id=\"cloak5456836e710d36f0c9e184f6445d418a\"><a href=\"mailto:recadastramento@bertprev.sp.gov.br\">recadastramento@bertprev.sp.gov.br<\/a><\/span><\/p>\n<p>Ainda assim, caso necessite atendimento presencial voc\u00ea dever\u00e1 agendar pelos canais de comunica\u00e7\u00e3o citados anteriormente.<\/p>\n<p>&nbsp;<\/p>\n<p><a href=\"http:\/\/bertprev.sp.gov.br\/arquivos\/previdencia\/recadastramento\/aposentados\/vida29-06.pdf\">Declara\u00e7\u00e3o de vida<\/a><\/p>\n","protected":false},"excerpt":{"rendered":"<p>A declara\u00e7\u00e3o dever\u00e1 ser anexada na pr\u00f3pria plataforma, conforme modelo: Para aposentado(a) representado(a) judicialmente: documento judicial atualizado comprovando a representa\u00e7\u00e3o e documento comprobat\u00f3rio de vida do aposentado(a). Outras d\u00favidas ser\u00e3o&hellip;<\/p>\n","protected":false},"author":1,"featured_media":0,"parent":0,"menu_order":0,"comment_status":"closed","ping_status":"closed","template":"","meta":{"footnotes":""},"class_list":["post-1222","page","type-page","status-publish","hentry"],"_links":{"self":[{"href":"https:\/\/www.bertprev.sp.gov.br\/index.php\/wp-json\/wp\/v2\/pages\/1222","targetHints":{"allow":["GET"]}}],"collection":[{"href":"https:\/\/www.bertprev.sp.gov.br\/index.php\/wp-json\/wp\/v2\/pages"}],"about":[{"href":"https:\/\/www.bertprev.sp.gov.br\/index.php\/wp-json\/wp\/v2\/types\/page"}],"author":[{"embeddable":true,"href":"https:\/\/www.bertprev.sp.gov.br\/index.php\/wp-json\/wp\/v2\/users\/1"}],"replies":[{"embeddable":true,"href":"https:\/\/www.bertprev.sp.gov.br\/index.php\/wp-json\/wp\/v2\/comments?post=1222"}],"version-history":[{"count":9,"href":"https:\/\/www.bertprev.sp.gov.br\/index.php\/wp-json\/wp\/v2\/pages\/1222\/revisions"}],"predecessor-version":[{"id":7220,"href":"https:\/\/www.bertprev.sp.gov.br\/index.php\/wp-json\/wp\/v2\/pages\/1222\/revisions\/7220"}],"wp:attachment":[{"href":"https:\/\/www.bertprev.sp.gov.br\/index.php\/wp-json\/wp\/v2\/media?parent=1222"}],"curies":[{"name":"wp","href":"https:\/\/api.w.org\/{rel}","templated":true}]}}