{"id":1233,"date":"2020-08-28T09:14:00","date_gmt":"2020-08-28T12:14:00","guid":{"rendered":"http:\/\/161.35.235.253\/?page_id=1233"},"modified":"2025-07-03T08:59:31","modified_gmt":"2025-07-03T11:59:31","slug":"recadastramento","status":"publish","type":"page","link":"https:\/\/www.bertprev.sp.gov.br\/index.php\/recadastramento\/","title":{"rendered":"Recadastramento"},"content":{"rendered":"<h4><strong>Aten\u00e7\u00e3o segurado<\/strong><\/h4>\n<h5><strong>Recadastramento em 9 passos para tirar d\u00favidas,<\/strong><a href=\"http:\/\/bertprev.sp.gov.br\/arquivos\/comunicados\/2021\/recadastramento-9-passos.pdf\"><strong> (clique aqui para ver).<\/strong><\/a><\/h5>\n<h3><\/h3>\n<p>&nbsp;<\/p>\n<h3><strong>Recadastramento de Aposentados e Pensionistas 2025:<\/strong><\/h3>\n<p><strong>Para recadastrar voc\u00ea dever\u00e1 realizar <u>duas etapas<\/u>, conforme as orienta\u00e7\u00f5es abaixo:<\/strong><\/p>\n<p><strong>1- Confirma\u00e7\u00e3o dos dados Online atrav\u00e9s do link: <\/strong><a href=\"https:\/\/fourinfosistemas.com.br\/servicosonlinefourprev\/login.jsf?id=4010\"><strong>servi\u00e7os on-line (clique aqui).<\/strong><\/a><\/p>\n<p><strong>-&gt;<\/strong> preencher usu\u00e1rio e senha, as mesmas j\u00e1 cadastradas para acessar aos holerites (caso ainda n\u00e3o tenha feito seu cadastro, dever\u00e1 faz\u00ea-lo clicando em novo usu\u00e1rio);<\/p>\n<p><strong>-&gt;<\/strong> selecionar \u201cRecadastramento Online\u201d e fazer a confer\u00eancia e atualiza\u00e7\u00f5es necess\u00e1rias.<\/p>\n<p><strong>2- A Prova de vida dever\u00e1 ser anexada na pr\u00f3pria plataforma, conforme abaixo:<\/strong><\/p>\n<p><img loading=\"lazy\" decoding=\"async\" class=\"alignnone wp-image-7167\" src=\"http:\/\/www.bertprev.sp.gov.br\/wp-content\/uploads\/2025\/06\/TAB-1-300x48.jpg\" alt=\"\" width=\"763\" height=\"122\" srcset=\"https:\/\/www.bertprev.sp.gov.br\/wp-content\/uploads\/2025\/06\/TAB-1-300x48.jpg 300w, https:\/\/www.bertprev.sp.gov.br\/wp-content\/uploads\/2025\/06\/TAB-1.jpg 567w\" sizes=\"auto, (max-width: 763px) 100vw, 763px\" \/><\/p>\n<p><strong><u>Em rela\u00e7\u00e3o \u00e0 prova de vida<\/u><\/strong><strong>, <\/strong>ser\u00e3o considerados v\u00e1lidos os documentos relacionados no <a href=\"https:\/\/bertprev.sp.gov.br\/arquivos\/comunicados\/2025\/34.pdf\"><strong>\u00a0(Comunicado 34\/2025).<\/strong><\/a><\/p>\n<p><strong>Para o caso de aposentado ou pensionista que n\u00e3o tenha nenhum dos documentos listados no Comunicado 31\/2025, precisar\u00e1 imprimir a declara\u00e7\u00e3o de prova de vida correspondente ao seu benef\u00edcio, ela deve ser assinada e com reconhecimento de firma por autenticidade e anexada na plataforma, conforme orienta\u00e7\u00e3o acima.<\/strong><\/p>\n<p><a href=\"http:\/\/www.bertprev.sp.gov.br\/index.php\/recadastramento-aposentandos\/\">aposentado (clique aqui).<\/a><br \/>\n<a href=\"http:\/\/www.bertprev.sp.gov.br\/index.php\/aposentado-com-procurador\/\">aposentado com procurador clique aqui<\/a><\/p>\n<p><u>\u201cAten\u00e7\u00e3o Aposentados e Pensionistas\u201d<\/u><\/p>\n<p><strong>A partir desse ano, al\u00e9m da prova de vida, todos os aposentados e pensionistas dever\u00e3o tamb\u00e9m anexar na plataforma a declara\u00e7\u00e3o de ac\u00famulo preenchida e assinada, que \u00e9 encontrada no link: <\/strong><a href=\"https:\/\/bertprev.sp.gov.br\/arquivos\/docsbeneficios\/7.pdf\"><strong>https:\/\/bertprev.sp.gov.br\/arquivos\/docsbeneficios\/7.pdf<\/strong><\/a><\/p>\n<p><strong>\u00a0<\/strong><\/p>\n<p>\u201cAten\u00e7\u00e3o Pensionistas\u201d<\/p>\n<p><strong>Mesmo que voc\u00ea consiga fazer prova de vida pelos meios indicados no Comunicado 31\/2025, &#8220;N\u00c3O ESQUECER DE PREENCHER A DECLARA\u00c7\u00c3O DE MANUTEN\u00c7\u00c3O DAS CONDI\u00c7\u00d5ES DE PENSIONISTA, DE ACORDO COM A DATA DA PENS\u00c3O\u201d.<\/strong><\/p>\n<p><a href=\"http:\/\/www.bertprev.sp.gov.br\/index.php\/recadastramento-pensionista\/\">pensionista clique aqui<\/a><br \/>\n<a href=\"http:\/\/www.bertprev.sp.gov.br\/index.php\/pensionista-com-procurador\/\">pensionista com procurador (clique aqui).<\/a><\/p>\n<p>&nbsp;<\/p>\n<p><a href=\"http:\/\/www.bertprev.sp.gov.br\/wp-content\/uploads\/2020\/10\/MODELO.PROCURACAO.RECADASTRAMENTO.pdf\">modelo de procura\u00e7\u00e3o (clique aqui).<\/a><\/p>\n<p>&nbsp;<\/p>\n<p>Em caso de d\u00favidas, queira por favor entrar em contato atrav\u00e9s do nosso Whatsapp (13) 3317-5981, pelo fone: 3319-9292 ou e-mail: <a href=\"mailto:recadastramento@bertprev.sp.gov.br\">recadastramento@bertprev.sp.gov.br<\/a><\/p>\n<h5><\/h5>\n<h1><strong>&#8230;<\/strong><\/h1>\n<p>&nbsp;<\/p>\n<h4><em><strong>Recadastramento de Ativos 2025 (Primeira Etapa) 01\/02\/25 a 30\/09\/25:<\/strong><\/em><\/h4>\n<h5><strong>\u00a0<\/strong><strong>Passo a passo de como fazer o recadastramento online, para tirar d\u00favidas, <\/strong><a href=\"http:\/\/www.bertprev.sp.gov.br\/wp-content\/uploads\/2024\/09\/como-fazer-recadastramento.pdf\"><strong>(clique aqui).<\/strong><\/a><\/h5>\n<p><strong>\u00a0<\/strong><strong>Conforme Comunicado BERTPREV N\u00ba 01\/2025 <a href=\"https:\/\/bertprev.sp.gov.br\/arquivos\/comunicados\/2025\/01.pdf\">(clique aqui).<\/a><\/strong><\/p>\n<p><strong>Para se recadastrar \u00e9 simples, basta acessar nosso site: <\/strong><a href=\"http:\/\/www.bertprev.sp.gov.br\/index.php\"><strong>http:\/\/www.bertprev.sp.gov.br<\/strong><\/a><strong> e seguir as orienta\u00e7\u00f5es abaixo:<\/strong><\/p>\n<p><strong>1- Selecionar o \u00edcone Holerite e Informe Rendimento (Servi\u00e7os on-line) atrav\u00e9s do link: <\/strong><a href=\"https:\/\/fourinfosistemas.com.br\/servicosonlinefourprev\/login.jsf?id=4010\"><strong>https:\/\/fourinfosistemas.com.br\/servicosonlinefourprev\/login.jsf?id=4010<\/strong><\/a><\/p>\n<p><strong>\u00a0&#8211; preencher usu\u00e1rio e senha, as mesmas j\u00e1 cadastradas para acessar aos holerites (caso ainda n\u00e3o tenha feito seu cadastro, dever\u00e1 faz\u00ea-lo clicando em \u201cPrimeiro acesso\u201d;<\/strong><\/p>\n<p><strong>&#8211; selecionar \u201cRecadastramento Online\u201d e fazer a confer\u00eancia e atualiza\u00e7\u00f5es necess\u00e1rias.<\/strong><\/p>\n<p><strong>&#8211; semanalmente verificamos quem realizou o recadastramento e validamos.<\/strong><\/p>\n<p><strong>\u00a0<\/strong><strong>Em caso de d\u00favidas, queira por favor entrar em contato atrav\u00e9s do nosso Whatsapp (13) 3317-5981, pelo fone: 3319-9292 ou e-mail:\u00a0<\/strong><a href=\"mailto:contato@bertprev.sp.gov.br\"><strong>contato@bertprev.sp.gov.br<\/strong><\/a><\/p>\n<p><strong>\u00a0<\/strong><strong>Ainda assim, caso necessite atendimento presencial voc\u00ea dever\u00e1 agendar pelo link <\/strong><a href=\"https:\/\/bertprev.cucco.com.br\/\"><strong>https:\/\/bertprev.cucco.com.br\/<\/strong><\/a><strong>.<\/strong><\/p>\n<p><strong>Recadastramento de Inativos e Pensionistas 2025 (Segunda Etapa),<\/strong><strong> 01\/07\/25 a 15\/09\/25.<\/strong><\/p>\n<h5>&#8230;<\/h5>\n<p>&nbsp;<\/p>\n<p>&nbsp;<\/p>\n<h2><\/h2>\n<p>&nbsp;<\/p>\n","protected":false},"excerpt":{"rendered":"<p>Aten\u00e7\u00e3o segurado Recadastramento em 9 passos para tirar d\u00favidas, (clique aqui para ver). &nbsp; Recadastramento de Aposentados e Pensionistas 2025: Para recadastrar voc\u00ea dever\u00e1 realizar duas etapas, conforme as orienta\u00e7\u00f5es&hellip;<\/p>\n","protected":false},"author":1,"featured_media":0,"parent":0,"menu_order":0,"comment_status":"closed","ping_status":"closed","template":"","meta":{"footnotes":""},"class_list":["post-1233","page","type-page","status-publish","hentry"],"_links":{"self":[{"href":"https:\/\/www.bertprev.sp.gov.br\/index.php\/wp-json\/wp\/v2\/pages\/1233","targetHints":{"allow":["GET"]}}],"collection":[{"href":"https:\/\/www.bertprev.sp.gov.br\/index.php\/wp-json\/wp\/v2\/pages"}],"about":[{"href":"https:\/\/www.bertprev.sp.gov.br\/index.php\/wp-json\/wp\/v2\/types\/page"}],"author":[{"embeddable":true,"href":"https:\/\/www.bertprev.sp.gov.br\/index.php\/wp-json\/wp\/v2\/users\/1"}],"replies":[{"embeddable":true,"href":"https:\/\/www.bertprev.sp.gov.br\/index.php\/wp-json\/wp\/v2\/comments?post=1233"}],"version-history":[{"count":104,"href":"https:\/\/www.bertprev.sp.gov.br\/index.php\/wp-json\/wp\/v2\/pages\/1233\/revisions"}],"predecessor-version":[{"id":7277,"href":"https:\/\/www.bertprev.sp.gov.br\/index.php\/wp-json\/wp\/v2\/pages\/1233\/revisions\/7277"}],"wp:attachment":[{"href":"https:\/\/www.bertprev.sp.gov.br\/index.php\/wp-json\/wp\/v2\/media?parent=1233"}],"curies":[{"name":"wp","href":"https:\/\/api.w.org\/{rel}","templated":true}]}}