{"id":5610,"date":"2024-06-18T11:25:08","date_gmt":"2024-06-18T14:25:08","guid":{"rendered":"https:\/\/www.bertprev.sp.gov.br\/?page_id=5610"},"modified":"2025-11-13T12:06:26","modified_gmt":"2025-11-13T15:06:26","slug":"pesquisa-de-satisfacao","status":"publish","type":"page","link":"https:\/\/www.bertprev.sp.gov.br\/index.php\/pesquisa-de-satisfacao\/","title":{"rendered":"Pesquisa de satisfa\u00e7\u00e3o"},"content":{"rendered":"<p>\u201cPrezados e prezadas,<\/p>\n<p>Buscando sempre a excel\u00eancia dos nossos servi\u00e7os e por manter nossa parceria transparente e valiosa, pedimos que voc\u00ea os\u00a0 envie sua avalia\u00e7\u00e3o e considera\u00e7\u00f5es sobre o nosso atendimento no \u00faltimo m\u00eas.<\/p>\n<p>Disponibilizamos um r\u00e1pido question\u00e1rio no link abaixo e sinta-se \u00e0 vontade para tamb\u00e9m responder atrav\u00e9s deste email se assim preferir.<\/p>\n<p><a href=\"https:\/\/docs.google.com\/forms\/d\/e\/1FAIpQLSdj53er3Oa068JgOn7GWEwOwjtXHaKC59F6VOM0MvnIvUc5XA\/viewform\">https:\/\/docs.google.com\/forms\/d\/e\/1FAIpQLSdj53er3Oa068JgOn7GWEwOwjtXHaKC59F6VOM0MvnIvUc5XA\/viewform<\/a><\/p>\n<p>O objetivo deste contato \u00e9 sempre melhorar o nosso atendimento e estreitar ainda mais nossa rela\u00e7\u00e3o de parceria.<\/p>\n<p>Conto com o seu aux\u00edlio para que a nossa presta\u00e7\u00e3o de servi\u00e7os supere as suas expectativas e dos profissionais que se valem do nosso sistema em todos os aspectos\u201d.<\/p>\n<p>&nbsp;<\/p>\n<p>&nbsp;<\/p>\n<p><a href=\"https:\/\/docs.google.com\/forms\/d\/e\/1FAIpQLSdj53er3Oa068JgOn7GWEwOwjtXHaKC59F6VOM0MvnIvUc5XA\/viewform\"><img loading=\"lazy\" decoding=\"async\" class=\"alignnone wp-image-6790 size-large\" src=\"http:\/\/www.bertprev.sp.gov.br\/wp-content\/uploads\/2025\/04\/213-b-724x1024.jpg\" alt=\"\" width=\"724\" height=\"1024\" srcset=\"https:\/\/www.bertprev.sp.gov.br\/wp-content\/uploads\/2025\/04\/213-b-724x1024.jpg 724w, https:\/\/www.bertprev.sp.gov.br\/wp-content\/uploads\/2025\/04\/213-b-212x300.jpg 212w, https:\/\/www.bertprev.sp.gov.br\/wp-content\/uploads\/2025\/04\/213-b-768x1086.jpg 768w, https:\/\/www.bertprev.sp.gov.br\/wp-content\/uploads\/2025\/04\/213-b-1086x1536.jpg 1086w, https:\/\/www.bertprev.sp.gov.br\/wp-content\/uploads\/2025\/04\/213-b-1170x1655.jpg 1170w, https:\/\/www.bertprev.sp.gov.br\/wp-content\/uploads\/2025\/04\/213-b-585x827.jpg 585w, https:\/\/www.bertprev.sp.gov.br\/wp-content\/uploads\/2025\/04\/213-b.jpg 1414w\" sizes=\"auto, (max-width: 724px) 100vw, 724px\" \/><\/a><\/p>\n<p>&nbsp;<\/p>\n<h4>Resultado Pesquisa de Satisfa\u00e7\u00e3o 2025<\/h4>\n<p><a href=\"http:\/\/bertprev.sp.gov.br\/arquivos\/Pesquisasatisfacao\/2025\/09.pdf\">setembro<\/a><\/p>\n<p><a href=\"http:\/\/bertprev.sp.gov.br\/arquivos\/Pesquisasatisfacao\/2025\/08.pdf\">agosto<\/a><\/p>\n<p><a href=\"http:\/\/bertprev.sp.gov.br\/arquivos\/Pesquisasatisfacao\/2025\/07.pdf\">julho<\/a><\/p>\n<p><a href=\"http:\/\/bertprev.sp.gov.br\/arquivos\/Pesquisasatisfacao\/2025\/06.pdf\">junho<\/a><\/p>\n<p><a href=\"http:\/\/bertprev.sp.gov.br\/arquivos\/Pesquisasatisfacao\/2025\/05.pdf\">maio<\/a><\/p>\n<p><a href=\"http:\/\/bertprev.sp.gov.br\/arquivos\/Pesquisasatisfacao\/2025\/04.pdf\">abril<\/a><\/p>\n<p><a href=\"http:\/\/bertprev.sp.gov.br\/arquivos\/Pesquisasatisfacao\/2025\/03.pdf\">mar\u00e7o<\/a><\/p>\n<p>&nbsp;<\/p>\n<h4>Resultado Pesquisa de Satisfa\u00e7\u00e3o 2024<\/h4>\n<p><a href=\"http:\/\/bertprev.sp.gov.br\/arquivos\/Pesquisasatisfacao\/2024\/09.pdf\">setembro<\/a><\/p>\n<p><a href=\"http:\/\/bertprev.sp.gov.br\/arquivos\/Pesquisasatisfacao\/2024\/08.pdf\">agosto<\/a><\/p>\n<p><a href=\"http:\/\/bertprev.sp.gov.br\/arquivos\/Pesquisasatisfacao\/2024\/07.pdf\">julho<\/a><\/p>\n<p><a href=\"http:\/\/bertprev.sp.gov.br\/arquivos\/Pesquisasatisfacao\/2024\/06.pdf\">junho<\/a><\/p>\n<p><a href=\"http:\/\/bertprev.sp.gov.br\/arquivos\/Pesquisasatisfacao\/2024\/05.pdf\">maio<\/a><\/p>\n<p>&nbsp;<\/p>\n","protected":false},"excerpt":{"rendered":"<p>\u201cPrezados e prezadas, Buscando sempre a excel\u00eancia dos nossos servi\u00e7os e por manter nossa parceria transparente e valiosa, pedimos que voc\u00ea os\u00a0 envie sua avalia\u00e7\u00e3o e considera\u00e7\u00f5es sobre o nosso&hellip;<\/p>\n","protected":false},"author":1,"featured_media":0,"parent":0,"menu_order":0,"comment_status":"closed","ping_status":"closed","template":"","meta":{"footnotes":""},"class_list":["post-5610","page","type-page","status-publish","hentry"],"_links":{"self":[{"href":"https:\/\/www.bertprev.sp.gov.br\/index.php\/wp-json\/wp\/v2\/pages\/5610","targetHints":{"allow":["GET"]}}],"collection":[{"href":"https:\/\/www.bertprev.sp.gov.br\/index.php\/wp-json\/wp\/v2\/pages"}],"about":[{"href":"https:\/\/www.bertprev.sp.gov.br\/index.php\/wp-json\/wp\/v2\/types\/page"}],"author":[{"embeddable":true,"href":"https:\/\/www.bertprev.sp.gov.br\/index.php\/wp-json\/wp\/v2\/users\/1"}],"replies":[{"embeddable":true,"href":"https:\/\/www.bertprev.sp.gov.br\/index.php\/wp-json\/wp\/v2\/comments?post=5610"}],"version-history":[{"count":27,"href":"https:\/\/www.bertprev.sp.gov.br\/index.php\/wp-json\/wp\/v2\/pages\/5610\/revisions"}],"predecessor-version":[{"id":7844,"href":"https:\/\/www.bertprev.sp.gov.br\/index.php\/wp-json\/wp\/v2\/pages\/5610\/revisions\/7844"}],"wp:attachment":[{"href":"https:\/\/www.bertprev.sp.gov.br\/index.php\/wp-json\/wp\/v2\/media?parent=5610"}],"curies":[{"name":"wp","href":"https:\/\/api.w.org\/{rel}","templated":true}]}}