{"id":6654,"date":"2025-03-25T08:09:05","date_gmt":"2025-03-25T11:09:05","guid":{"rendered":"https:\/\/www.bertprev.sp.gov.br\/?page_id=6654"},"modified":"2025-12-03T10:17:39","modified_gmt":"2025-12-03T13:17:39","slug":"anos-anteriores","status":"publish","type":"page","link":"https:\/\/www.bertprev.sp.gov.br\/index.php\/anos-anteriores\/","title":{"rendered":"Anos anteriores"},"content":{"rendered":"<h1><strong>EDUCA\u00c7\u00c3O PREVIDENCI\u00c1RIA<\/strong><\/h1>\n<h1><\/h1>\n<h1><u>CALEND\u00c1RIO 2025 EDUCA\u00c7\u00c3O PREVIDENCI\u00c1RIA<\/u><\/h1>\n<h2><u>INTEGRA\u00c7\u00c3O<\/u><\/h2>\n<p>Parceria junto ao RH dos \u00f3rg\u00e3os patronais para agendamento de a\u00e7\u00f5es da educa\u00e7\u00e3o previdenci\u00e1rios aos servidores que tomam posse.<\/p>\n<p>&nbsp;<\/p>\n<table>\n<tbody>\n<tr>\n<td width=\"104\">16\/06\/2025<\/td>\n<td width=\"520\">Apresenta\u00e7\u00e3o aos novos servidores inscritos no semin\u00e1rio (VIDE VERSO)<\/p>\n<p><strong>Link de inscri\u00e7\u00e3o:<\/strong><\/td>\n<\/tr>\n<\/tbody>\n<\/table>\n<p><u>\u00a0<\/u><\/p>\n<h2><u>NOVA ROTA<\/u><\/h2>\n<table width=\"623\">\n<tbody>\n<tr>\n<td width=\"153\"><strong>Per\u00edodo de inscri\u00e7\u00e3o<\/strong><\/td>\n<td width=\"140\"><strong>Data da atividade<\/strong><\/td>\n<td width=\"331\"><strong>Tema<\/strong><\/td>\n<\/tr>\n<tr>\n<td width=\"153\">02 a 17\/01\/2025<\/td>\n<td width=\"140\">31\/01\/2025 (SEX)<\/td>\n<td width=\"331\">Organiza\u00e7\u00e3o e Funcionamento do RPPS.<\/p>\n<p><strong>Link de inscri\u00e7\u00e3o:\u00a0<a href=\"https:\/\/www.even3.com.br\/1-encontro-de-educacao-previdenciaria-2025-521231\">https:\/\/www.even3.com.br\/1-encontro-de-educacao-previdenciaria-2025-521231<\/a><\/strong><\/td>\n<\/tr>\n<tr>\n<td width=\"153\">03 a 17\/03\/2025<\/td>\n<td width=\"140\">28\/03\/2025 (SEX)<\/td>\n<td width=\"331\">Regras e C\u00e1lculo de Aposentadoria.<\/p>\n<p><strong>Link de inscri\u00e7\u00e3o:<\/strong><\/td>\n<\/tr>\n<tr>\n<td width=\"153\">02 a 16\/05\/2025<\/td>\n<td width=\"140\">30\/05\/2025 (SEX)<\/td>\n<td width=\"331\">Ac\u00famulo de benef\u00edcios.<\/p>\n<p><strong>Link de inscri\u00e7\u00e3o:<\/strong><\/td>\n<\/tr>\n<tr>\n<td width=\"153\">02 a 13\/06\/2025<\/td>\n<td width=\"140\">16\/06\/25 (SEG)<\/td>\n<td width=\"331\">JUNTO COM O SEMIN\u00c1RIO (VIDE VERSO)<\/p>\n<p><strong>Link de inscri\u00e7\u00e3o:<\/strong><\/td>\n<\/tr>\n<tr>\n<td width=\"153\">01 a 15\/07\/2025<\/td>\n<td width=\"140\">25\/07\/2025 (SEX)<\/td>\n<td width=\"331\">Planejamento Financeiro.<\/p>\n<p><strong>Link de inscri\u00e7\u00e3o:<\/strong><\/td>\n<\/tr>\n<tr>\n<td width=\"153\">01 a 12\/09\/2025<\/td>\n<td width=\"140\">26\/09\/2025 (SEX)<\/td>\n<td width=\"331\">Qualidade de vida e sa\u00fade do aposentado.<\/p>\n<p><strong>Link de inscri\u00e7\u00e3o:<\/strong><\/td>\n<\/tr>\n<tr>\n<td width=\"153\">03 a 17\/11\/2025<\/td>\n<td width=\"140\">28\/11\/2025 (SEX)<\/td>\n<td width=\"331\">Aspectos Sociais e Psicol\u00f3gicos da aposentadoria e Confraterniza\u00e7\u00e3o de encerramento do ano.<\/p>\n<p><strong>Link de inscri\u00e7\u00e3o:<\/strong><\/td>\n<\/tr>\n<\/tbody>\n<\/table>\n<p>&nbsp;<\/p>\n<p>&nbsp;<\/p>\n<h2><u>NOVO CICLO<\/u><\/h2>\n<table width=\"624\">\n<tbody>\n<tr>\n<td width=\"151\"><strong>Per\u00edodo de inscri\u00e7\u00e3o<\/strong><\/td>\n<td width=\"142\"><strong>Data da atividade<\/strong><\/td>\n<td width=\"331\"><strong>Tema<\/strong><\/td>\n<\/tr>\n<tr>\n<td width=\"151\">02 a 17\/01\/2025<\/td>\n<td width=\"142\">31\/01\/2025 (SEX)<\/td>\n<td width=\"331\">Organiza\u00e7\u00e3o e Funcionamento do RPPS.<\/p>\n<p><strong>Link de inscri\u00e7\u00e3o:\u00a0<a href=\"https:\/\/www.even3.com.br\/1-encontro-de-educacao-previdenciaria-2025-521231\">https:\/\/www.even3.com.br\/1-encontro-de-educacao-previdenciaria-2025-521231<\/a><\/strong><\/td>\n<\/tr>\n<tr>\n<td width=\"151\">01\/04 a 15\/04\/2025<\/td>\n<td width=\"142\">25\/04\/25 (SEX)<\/td>\n<td width=\"331\">Passeio ou Atividade Cultural.<\/p>\n<p><strong>Link de inscri\u00e7\u00e3o:<\/strong><\/td>\n<\/tr>\n<tr>\n<td width=\"151\">02 a 13\/06\/2025<\/td>\n<td width=\"142\">16\/06\/25 (SEG)<\/td>\n<td width=\"331\">JUNTO COM O SEMIN\u00c1RIO (VIDE VERSO).<\/p>\n<p><strong>Link de inscri\u00e7\u00e3o:<\/strong><\/td>\n<\/tr>\n<tr>\n<td width=\"151\">01 a 15\/07\/2025<\/td>\n<td width=\"142\">25\/07\/2025 (SEX)<\/td>\n<td width=\"331\">Planejamento Financeiro.<\/p>\n<p><strong>Link de inscri\u00e7\u00e3o:<\/strong><\/td>\n<\/tr>\n<tr>\n<td width=\"151\">01 a 12\/09\/2025<\/td>\n<td width=\"142\">26\/09\/2025 (SEX)<\/td>\n<td width=\"331\">Qualidade de vida e sa\u00fade do aposentado.<\/p>\n<p><strong>Link de inscri\u00e7\u00e3o:<\/strong><\/td>\n<\/tr>\n<tr>\n<td width=\"151\">15 a 25\/09\/2025<\/td>\n<td width=\"142\">01\/10\/25 (QUA)<\/td>\n<td width=\"331\">Passeio ou Atividade Cultural.<\/p>\n<p><strong>Link de inscri\u00e7\u00e3o:<\/strong><\/td>\n<\/tr>\n<tr>\n<td width=\"151\">03 a 17\/11\/2025<\/td>\n<td width=\"142\">28\/11\/25 (SEX)<\/td>\n<td width=\"331\">Aspectos Sociais e Psicol\u00f3gicos da aposentadoria e Confraterniza\u00e7\u00e3o de encerramento do ano.<\/p>\n<p><strong>Link de inscri\u00e7\u00e3o:<\/strong><\/td>\n<\/tr>\n<\/tbody>\n<\/table>\n<p>&nbsp;<\/p>\n<p>&nbsp;<\/p>\n<h2><u>SEMIN\u00c1RIO ANUAL<\/u><\/h2>\n<p><strong><u>PROGRAMA\u00c7\u00c3O SEMIN\u00c1RIO DE <\/u><\/strong><\/p>\n<p><strong><u>EDUCA\u00c7\u00c3O PREVIDENCI\u00c1RIA 2025<\/u><\/strong><\/p>\n<p>Data: 16\/06\/2025<\/p>\n<p>Local: C\u00e2mara Municipal de Bertioga<\/p>\n<p><em>Rua Rev. Augusto Paes D\u00b4\u00c1vila, 374<br \/>\nCEP: 11.256-025 &#8211; Rio da Praia &#8211; Bertioga\/SP<\/em><\/p>\n<p><u>\u00a0<\/u><\/p>\n<p><strong>09:00 \u00e0s 09:30<\/strong>\u00a0\u00a0\u00a0\u00a0\u00a0\u00a0 &#8211;\u00a0\u00a0\u00a0\u00a0\u00a0\u00a0\u00a0\u00a0\u00a0 Credenciamento e Caf\u00e9 de Boas Vindas<\/p>\n<p>&nbsp;<\/p>\n<p><strong>09:30 \u00e0s 09:45\u00a0\u00a0\u00a0\u00a0\u00a0\u00a0 &#8211;\u00a0\u00a0\u00a0\u00a0\u00a0\u00a0\u00a0\u00a0\u00a0 <\/strong> Solenidade de abertura<\/p>\n<p>&nbsp;<\/p>\n<p><strong>09:45 \u00e0s 10:15\u00a0\u00a0\u00a0\u00a0\u00a0\u00a0 &#8211;\u00a0\u00a0\u00a0\u00a0\u00a0\u00a0\u00a0\u00a0\u00a0 <\/strong> BERTPREV \u2013 Homenagem ao Dia do servidor p\u00fablico<\/p>\n<p>aposentado ( 17\/06 )<\/p>\n<p>&nbsp;<\/p>\n<p><strong>10:15 \u00e0s 11:15<\/strong>\u00a0\u00a0\u00a0\u00a0\u00a0\u00a0 &#8211;\u00a0\u00a0\u00a0\u00a0\u00a0\u00a0\u00a0\u00a0\u00a0 Conhecendo os \u00d3rg\u00e3os de Gest\u00e3o do RPPS \u2013 Dr. Tiago<\/p>\n<p>Oliveira\/ABCPREV<\/p>\n<p><strong>\u00a0<\/strong><\/p>\n<p><strong>11:15 \u00e0s 12:15\u00a0\u00a0\u00a0\u00a0\u00a0\u00a0 &#8211;\u00a0\u00a0\u00a0\u00a0\u00a0\u00a0\u00a0\u00a0\u00a0 <\/strong> Organiza\u00e7\u00e3o e Planejamento &#8211; Caminhos para a sa\u00fade<\/p>\n<p>Financeira \u2013 Rafael Ara\u00fajo \/ Sicredi<\/p>\n<p>&nbsp;<\/p>\n<p><strong>12:15 \u00e0s 13:30\u00a0\u00a0\u00a0\u00a0\u00a0\u00a0 &#8211;\u00a0\u00a0\u00a0\u00a0\u00a0\u00a0\u00a0\u00a0\u00a0 INTERVALO ALMO\u00c7O<\/strong><\/p>\n<p><strong>\u00a0<\/strong><\/p>\n<p><strong>13:30 \u00e0s 14:30<\/strong>\u00a0 \u00a0\u00a0\u00a0\u00a0\u00a0\u00a0&#8211;\u00a0\u00a0\u00a0\u00a0\u00a0\u00a0\u00a0\u00a0\u00a0\u00a0\u00a0 Avalia\u00e7\u00e3o Biopsicossocial &#8211; Dr.Marcelo Levkovicz\u00a0\/ \u00c9tica Consultoria<\/p>\n<p>&nbsp;<\/p>\n<p><strong>14:30 \u00e0s 14:45<\/strong>\u00a0 \u00a0\u00a0\u00a0\u00a0\u00a0\u00a0\u00a0&#8211;\u00a0\u00a0\u00a0\u00a0\u00a0\u00a0\u00a0\u00a0\u00a0\u00a0 SORTEIO<\/p>\n<p>&nbsp;<\/p>\n<p><strong>14:45 \u00e0s 15:15\u00a0\u00a0\u00a0\u00a0\u00a0\u00a0 &#8211;\u00a0\u00a0\u00a0\u00a0\u00a0\u00a0\u00a0\u00a0\u00a0 COFFEE BREAK<\/strong><\/p>\n<p>&nbsp;<\/p>\n<p><strong>15:15 \u00e0s 16:45<\/strong>\u00a0 \u00a0\u00a0\u00a0\u00a0\u00a0 &#8211;\u00a0\u00a0\u00a0\u00a0\u00a0\u00a0\u00a0\u00a0\u00a0 Palestra: <em>Aposentadoria&#8230;<\/em>Fim ou Recome\u00e7o? Uma Vida com Prop\u00f3sito<strong> \u2013 <\/strong>Apresenta\u00e7\u00e3o Sr. Vincenzo Lasalvia<\/p>\n<p>&nbsp;<\/p>\n<p><strong>16:45<\/strong> <strong>\u00e0s 17:00<\/strong> \u00a0\u00a0\u00a0\u00a0\u00a0\u00a0 &#8211; \u00a0\u00a0\u00a0\u00a0\u00a0\u00a0\u00a0\u00a0 Encerramento<\/p>\n<p>&nbsp;<\/p>\n<p>Para Inscri\u00e7\u00e3o acesse: <a href=\"https:\/\/www.even3.com.br\/seminario-de-educacao-previdenciaria-2025-578710\"><strong>https:\/\/www.even3.com.br\/seminario-de-educacao-previdenciaria-2025-578710<\/strong><\/a><\/p>\n<p>&nbsp;<\/p>\n<p>&nbsp;<\/p>\n<p>&#8230;<\/p>\n<h1><u>CALEND\u00c1RIO 2024<\/u><\/h1>\n<h1><u>\u00a0<\/u><\/h1>\n<p>&nbsp;<\/p>\n<h2><u>PROGRAMA INTEGRA\u00c7\u00c3O \/ PROGRAMA NOVA ROTA \/ PROGRAMA NOVO CICLO<\/u><\/h2>\n<h1><u>JANEIRO 2024<\/u><\/h1>\n<h1><\/h1>\n<p><strong>Programa Nova Rota:\u00a0<\/strong>\u00a0Organiza\u00e7\u00e3o e Funcionamento do RPPS<\/p>\n<p><strong>Data da atividade:\u00a0<\/strong>\u00a0 \u00a025\/01\/2024<\/p>\n<p><strong>Clique e saiba mais: <\/strong><a href=\"https:\/\/www.instagram.com\/p\/C4vW6WwgTsk\/?img_index=1\">https:\/\/www.instagram.com\/p\/C4vW6WwgTsk\/?img_index=1<\/a><\/p>\n<h1><u>\u00a0<\/u><\/h1>\n<h1><\/h1>\n<h1><u>MAR\u00c7O 2024<\/u><\/h1>\n<h1><\/h1>\n<p><strong>Programa Integra\u00e7\u00e3o:\u00a0<\/strong>\u00a0Posse dos novos servidores da Guarda Civil Municipal de Bertioga<\/p>\n<p><strong>Data da atividade:\u00a0<\/strong>\u00a0 \u00a025\/03\/2024<\/p>\n<p><strong>Clique e saiba mais: <\/strong><a href=\"https:\/\/www.instagram.com\/p\/C5GrQStu_at\/\">https:\/\/www.instagram.com\/p\/C5GrQStu_at\/<\/a><\/p>\n<h1><u>\u00a0<\/u><\/h1>\n<p><strong>Programa Nova Rota:\u00a0<\/strong>\u00a0Regras e C\u00e1lculo de Aposentadoria<\/p>\n<p><strong>Data da atividade:\u00a0<\/strong>\u00a0 \u00a028\/03\/2024<\/p>\n<p><strong>Clique e saiba mais: <\/strong><a href=\"https:\/\/www.instagram.com\/p\/C5Gh146uyAN\/\">https:\/\/www.instagram.com\/p\/C5Gh146uyAN\/<\/a><\/p>\n<h1><u>\u00a0<\/u><\/h1>\n<h1><\/h1>\n<h1><u>ABRIL 2024<\/u><\/h1>\n<h1><\/h1>\n<p><strong>Programa Novo Ciclo:\u00a0<\/strong>\u00a0Palestras no Centro de Conviv\u00eancia da Pessoa Idosa \u201cZeferino Orlandini \u2013 \u201cViva Bem\u201d &#8211; Avenida Anchieta, 392, Centro-Bertioga\/SP<\/p>\n<p><strong>Data da atividade:\u00a0<\/strong>\u00a0 \u00a024\/04\/2024<\/p>\n<p><strong>Clique e saiba mais:\u00a0<a href=\"https:\/\/www.instagram.com\/p\/DHmC1IjyMsW\/\">https:\/\/www.instagram.com\/p\/DHmC1IjyMsW\/<\/a><\/strong><\/p>\n<p><strong>PROGRAMA\u00c7\u00c3O:\u00a0<a href=\"http:\/\/www.bertprev.sp.gov.br\/wp-content\/uploads\/2025\/03\/programacao-abri-24.pdf\">http:\/\/www.bertprev.sp.gov.br\/wp-content\/uploads\/2025\/03\/programacao-abri-24.pdf<\/a><\/strong><\/p>\n<p>&nbsp;<\/p>\n<h1><u>\u00a0<\/u><\/h1>\n<p>&nbsp;<\/p>\n<h1><u>MAIO 2024<\/u><\/h1>\n<p>&nbsp;<\/p>\n<p><strong>Programa Nova Rota:\u00a0<\/strong>\u00a0Ac\u00famulo de benef\u00edcios<\/p>\n<p><strong>Data da atividade:\u00a0<\/strong>\u00a0 \u00a023\/05\/2024<\/p>\n<p><strong>Clique e saiba mais: <\/strong><a href=\"https:\/\/www.instagram.com\/p\/C7iNUCnN7_0\/\">https:\/\/www.instagram.com\/p\/C7iNUCnN7_0\/<\/a><\/p>\n<h1><u>\u00a0<\/u><\/h1>\n<p>&nbsp;<\/p>\n<h1><u>JUNHO 2024<\/u><\/h1>\n<p>&nbsp;<\/p>\n<p><strong>Programa Integra\u00e7\u00e3o:\u00a0<\/strong>\u00a0Posse dos novos servidores da C\u00e2mara Municipal de Bertioga;<\/p>\n<p><strong>Data da atividade:\u00a0<\/strong>\u00a0 \u00a006\/06\/2024<\/p>\n<p><strong>Clique e saiba mais:\u00a0<a href=\"http:\/\/www.bertprev.sp.gov.br\/wp-content\/uploads\/2025\/03\/jun-24-camara.pdf\">http:\/\/www.bertprev.sp.gov.br\/wp-content\/uploads\/2025\/03\/jun-24-camara.pdf<\/a><\/strong><\/p>\n<p>&nbsp;<\/p>\n<p><strong>Semin\u00e1rio:\u00a0<\/strong><\/p>\n<p><strong>Data da atividade:\u00a0<\/strong>\u00a0 \u00a010\/06\/2024<\/p>\n<p><strong>Local:<\/strong> C\u00e2mara Municipal de Bertioga &#8211; <em>Rua Rev. Augusto Paes D\u00b4\u00c1vila, 374<br \/>\nCEP: 11.256-025 &#8211; Rio da Praia &#8211;\u00a0 Bertioga\/SP<\/em><\/p>\n<p>&nbsp;<\/p>\n<p><strong>Clique e saiba mais: <\/strong><a href=\"https:\/\/www.instagram.com\/p\/C8KtAPXJRx6\/\">https:\/\/www.instagram.com\/p\/C8KtAPXJRx6\/<\/a><\/p>\n<p><strong>PROGRAMA\u00c7\u00c3O:\u00a0<a href=\"http:\/\/www.bertprev.sp.gov.br\/wp-content\/uploads\/2025\/03\/JUN-24-seminario.pdf\">http:\/\/www.bertprev.sp.gov.br\/wp-content\/uploads\/2025\/03\/JUN-24-seminario.pdf<\/a><\/strong><\/p>\n<h1><u>\u00a0<\/u><\/h1>\n<p>&nbsp;<\/p>\n<h1><u>JULHO 2024<\/u><\/h1>\n<h1><\/h1>\n<p><strong>Programa Nova Rota:\u00a0<\/strong>\u00a0Planejamento Financeiro<\/p>\n<p><strong>Data da atividade:\u00a0<\/strong>\u00a0 \u00a025\/07\/2024<\/p>\n<p><strong>Clique e saiba mais:\u00a0<\/strong><a href=\"https:\/\/www.instagram.com\/p\/DA--Iy6Jmi8\/\">https:\/\/www.instagram.com\/p\/DA&#8211;Iy6Jmi8\/<\/a><\/p>\n<h1><u>\u00a0<\/u><\/h1>\n<p>&nbsp;<\/p>\n<h1><u>AGOSTO 2024<\/u><\/h1>\n<h1><\/h1>\n<p><strong>Programa Novo Ciclo:\u00a0<\/strong>\u00a0Palestras na Sede do BERTPREV<\/p>\n<p><strong>Data da atividade:\u00a0<\/strong>\u00a0 \u00a028\/08\/2024<\/p>\n<p><strong>Clique aqui para ver as fotos: <\/strong><a href=\"https:\/\/www.instagram.com\/p\/DA_BePlpeJk\/\">https:\/\/www.instagram.com\/p\/DA_BePlpeJk\/<\/a><\/p>\n<p><strong>PROGRAMA\u00c7\u00c3O:\u00a0<a href=\"http:\/\/www.bertprev.sp.gov.br\/wp-content\/uploads\/2025\/03\/programacao-ago-24.pdf\">http:\/\/www.bertprev.sp.gov.br\/wp-content\/uploads\/2025\/03\/programacao-ago-24.pdf<\/a><\/strong><\/p>\n<h1><u>\u00a0<\/u><\/h1>\n<p>&nbsp;<\/p>\n<h1><u>SETEMBRO 2024<\/u><\/h1>\n<p>&nbsp;<\/p>\n<p><strong>Programa Nova Rota:\u00a0<\/strong>\u00a0Qualidade de vida e sa\u00fade do aposentado<\/p>\n<p><strong>Data da atividade:\u00a0<\/strong>\u00a0 \u00a026\/09\/2024<\/p>\n<p><strong>Clique aqui para ver as fotos: <\/strong><a href=\"https:\/\/www.instagram.com\/p\/DA_CvWvJ3Ky\/\">https:\/\/www.instagram.com\/p\/DA_CvWvJ3Ky\/<\/a><\/p>\n<h1><u>\u00a0<\/u><\/h1>\n<p><strong>\u00a0<\/strong><\/p>\n<h1><u>OUTUBRO 2024<\/u><\/h1>\n<p>&nbsp;<\/p>\n<p><strong>Programa Novo Ciclo:\u00a0<\/strong>\u00a0PASSEIO BARCO ESCOLA- ARCA DO SABER<\/p>\n<p><strong>Data da atividade:\u00a0<\/strong>\u00a0 \u00a001\/10\/2024<\/p>\n<p><strong>Local:\u00a0<\/strong>\u00a0 \u00a0Flutuante ao lado do Mercado de Peixes, \u00e0s margens do Canal de Bertioga<\/p>\n<p><strong>Clique aqui para ver as fotos:\u00a0<\/strong><a href=\"https:\/\/www.instagram.com\/p\/DA--kqdJIae\/\">https:\/\/www.instagram.com\/p\/DA&#8211;kqdJIae\/<\/a><\/p>\n<p><strong>PROGRAMA\u00c7\u00c3O:\u00a0<a href=\"http:\/\/www.bertprev.sp.gov.br\/wp-content\/uploads\/2025\/03\/roteiro-barco-escola.pdf\">http:\/\/www.bertprev.sp.gov.br\/wp-content\/uploads\/2025\/03\/roteiro-barco-escola.pdf<\/a><\/strong><\/p>\n<h1><u>\u00a0<\/u><\/h1>\n<p><strong>Semin\u00e1rio:\u00a0\u00a0<\/strong><\/p>\n<p><strong>Data da atividade:\u00a0<\/strong>\u00a0 \u00a021\/10\/2024<\/p>\n<p><strong>Local:<\/strong> C\u00e2mara Municipal de Bertioga &#8211; <em>Rua Rev. Augusto Paes D\u00b4\u00c1vila, 374<br \/>\nCEP: 11.256-025 &#8211; Rio da Praia &#8211;\u00a0 Bertioga\/SP<\/em><\/p>\n<p><strong>Clique aqui para ver as fotos:\u00a0<\/strong><a href=\"https:\/\/www.instagram.com\/p\/DBY_6nRpnvK\/\">https:\/\/www.instagram.com\/p\/DBY_6nRpnvK\/<\/a><\/p>\n<p><strong>PROGRAMA\u00c7\u00c3O:\u00a0<a href=\"http:\/\/www.bertprev.sp.gov.br\/wp-content\/uploads\/2025\/03\/programacao-seminario-out-24.pdf\">http:\/\/www.bertprev.sp.gov.br\/wp-content\/uploads\/2025\/03\/programacao-seminario-out-24.pdf<\/a><\/strong><\/p>\n<h1><u>\u00a0<\/u><\/h1>\n<p>&nbsp;<\/p>\n<h1><u>NOVEMBRO 2024<\/u><\/h1>\n<p>&nbsp;<\/p>\n<p><strong>Programa Nova Rota e Novo Ciclo:\u00a0<\/strong>\u00a0Aspectos Sociais e Psicol\u00f3gicos da aposentadoria e Confraterniza\u00e7\u00e3o de Encerramento<\/p>\n<p><strong>Data da atividade:\u00a0<\/strong>\u00a0 \u00a028\/11\/2024<\/p>\n<p><strong>Clique aqui para ver as fotos:\u00a0<\/strong><a href=\"https:\/\/www.instagram.com\/p\/DC7Rj2CP0P2\/\">https:\/\/www.instagram.com\/p\/DC7Rj2CP0P2\/<\/a><\/p>\n","protected":false},"excerpt":{"rendered":"<p>EDUCA\u00c7\u00c3O PREVIDENCI\u00c1RIA CALEND\u00c1RIO 2025 EDUCA\u00c7\u00c3O PREVIDENCI\u00c1RIA INTEGRA\u00c7\u00c3O Parceria junto ao RH dos \u00f3rg\u00e3os patronais para agendamento de a\u00e7\u00f5es da educa\u00e7\u00e3o previdenci\u00e1rios aos servidores que tomam posse. &nbsp; 16\/06\/2025 Apresenta\u00e7\u00e3o aos&hellip;<\/p>\n","protected":false},"author":2,"featured_media":0,"parent":0,"menu_order":0,"comment_status":"closed","ping_status":"closed","template":"","meta":{"footnotes":""},"class_list":["post-6654","page","type-page","status-publish","hentry"],"_links":{"self":[{"href":"https:\/\/www.bertprev.sp.gov.br\/index.php\/wp-json\/wp\/v2\/pages\/6654","targetHints":{"allow":["GET"]}}],"collection":[{"href":"https:\/\/www.bertprev.sp.gov.br\/index.php\/wp-json\/wp\/v2\/pages"}],"about":[{"href":"https:\/\/www.bertprev.sp.gov.br\/index.php\/wp-json\/wp\/v2\/types\/page"}],"author":[{"embeddable":true,"href":"https:\/\/www.bertprev.sp.gov.br\/index.php\/wp-json\/wp\/v2\/users\/2"}],"replies":[{"embeddable":true,"href":"https:\/\/www.bertprev.sp.gov.br\/index.php\/wp-json\/wp\/v2\/comments?post=6654"}],"version-history":[{"count":23,"href":"https:\/\/www.bertprev.sp.gov.br\/index.php\/wp-json\/wp\/v2\/pages\/6654\/revisions"}],"predecessor-version":[{"id":7904,"href":"https:\/\/www.bertprev.sp.gov.br\/index.php\/wp-json\/wp\/v2\/pages\/6654\/revisions\/7904"}],"wp:attachment":[{"href":"https:\/\/www.bertprev.sp.gov.br\/index.php\/wp-json\/wp\/v2\/media?parent=6654"}],"curies":[{"name":"wp","href":"https:\/\/api.w.org\/{rel}","templated":true}]}}